{"id":410,"date":"2017-11-20T15:05:36","date_gmt":"2017-11-20T09:20:36","guid":{"rendered":"https:\/\/raratheme.com\/preview\/travel-agency-pro\/about-us\/"},"modified":"2024-12-15T00:32:44","modified_gmt":"2024-12-14T21:32:44","slug":"about-us","status":"publish","type":"page","link":"https:\/\/www.nkeskintours.com\/cz\/about-us\/","title":{"rendered":"O n\u00e1s"},"content":{"rendered":"\n<h1 class=\"wp-block-heading\">Ji\u017e 18 let pln\u00edme sny na\u0161ich turist\u016f<\/h1>\n\n\n\n<p>nkeskin TOUR je zku\u0161en\u00e1 m\u00edstn\u00ed cestovn\u00ed kancel\u00e1\u0159, kter\u00e1 po\u0159\u00e1d\u00e1 z\u00e1jezdy ji\u017e od roku 2007. Realizujeme z\u00e1jezdy z nejobl\u00edben\u011bj\u0161\u00edch oblast\u00ed Tureck\u00e9 rivi\u00e9ry &#8211; Alanya, Side, Belek. Na\u0161i pr\u016fvodci maj\u00ed profesion\u00e1ln\u00ed znalosti a anima\u010dn\u00ed dovednosti. O na\u0161e hosty se skv\u011ble postaraj\u00ed a budou to d\u011blat v angli\u010dtin\u011b. Profesion\u00e1ln\u00ed servis, p\u00e9\u010de, atraktivn\u00ed ceny a efektivn\u00ed organizace efektivn\u011b vyu\u017e\u00edvaj\u00ed drahocenn\u00fd \u010das b\u011bhem z\u00e1jezdu. D\u00edky tomu na to v\u0161ichni, kdo s n\u00e1mi byli na v\u00fdlet\u011b, budou dlouho vzpom\u00ednat.<br>Na\u0161e \u010d\u00edslo TURSAB je 5546.<\/p>\n\n\n\n<p>\u21d2V\u00ddLETY OD 15EUR<br>P\u0159ich\u00e1z\u00edme s nab\u00eddkou pro na\u0161e hosty, m\u00e1me \u0161irokou nab\u00eddku na\u0161ich z\u00e1jezd\u016f. Ka\u017ed\u00fd si m\u016f\u017ee vybrat tu, kter\u00e1 mu nejv\u00edce vyhovuje. Mezi z\u00e1jezdy m\u00e1me historick\u00e9, vodn\u00ed, extr\u00e9mn\u00ed, kulturn\u00ed i v\u00fdlety do p\u0159\u00edrody a jejich ceny za\u010d\u00ednaj\u00ed od 10 eur.<\/p>\n\n\n\n<p>\u21d2 P\u0158EVOD ZDARMA<br>U ka\u017ed\u00e9 cesty v\u00e1s vyzvedneme z va\u0161eho hotelu (nebo jin\u00e9ho ur\u010den\u00e9ho m\u00edsta) a po cest\u011b v\u00e1s odvezeme zp\u011bt. Ned\u011blejte si starosti s t\u00edm, kde bude m\u00edsto setk\u00e1n\u00ed a jak se tam dostat \u2013 zvl\u00e1\u0161t\u011b v noci \u2013 abyste se tam dostali. V dohodnut\u00fd \u010das v\u00e1s vyzvedne autobus nebo transferov\u00e9 auto.<\/p>\n\n\n\n<p>\u21d2 CESTOVN\u00cd POJI\u0160T\u011aN\u00cd<br>Ka\u017ed\u00e1 turistick\u00e1 aktivita vy\u017eaduje kompletn\u00ed sadu dokument\u016f v\u010detn\u011b poji\u0161t\u011bn\u00ed. Jako cestovn\u00ed kancel\u00e1\u0159 jsme povinni m\u00edt v r\u00e1mci sv\u00e9 \u010dinnosti uzav\u0159en\u00e9 povinn\u00e9 ru\u010den\u00ed. V\u0161echny fakultativn\u00ed v\u00fdlety po\u0159\u00e1dan\u00e9 nkeskin TOUR jsou poji\u0161t\u011bny. Informace poskytnut\u00e9 obyvateli hotelu nejsou pravdiv\u00e9, \u017ee pokud opust\u00edte hotel a vyd\u00e1te se na fakultativn\u00ed v\u00fdlet organizovan\u00fd jin\u00fdmi agenturami, z\u016fstanete bez poji\u0161t\u011bn\u00ed a va\u0161e soukrom\u00e9 zdravotn\u00ed a \u00farazov\u00e9 poji\u0161t\u011bn\u00ed bude zru\u0161eno. Tato praxe je neetick\u00e1.<\/p>\n\n\n\n<p>\u21d2 BEZPLATN\u00c1 ZM\u011aNA TERM\u00cdNU Z\u00c1JEZDU<br>V\u00edme, \u017ee se mohou st\u00e1t r\u016fzn\u00e9 n\u00e1hodn\u00e9 ud\u00e1losti. Pokud V\u00e1m z n\u011bjak\u00e9ho d\u016fvodu nevyhovuje rezervovan\u00fd term\u00edn z\u00e1jezdu, oznamte n\u00e1m to nejpozd\u011bji do 20:00 dne p\u0159ed z\u00e1jezdem a my V\u00e1m navrhneme jin\u00fd term\u00edn.<\/p>\n\n\n\n<p>\u21d2 BEZPLATN\u00c9 ZRU\u0160EN\u00cd<br>Pokud se rozhodnete, \u017ee si p\u0159ejete z\u00e1jezd zru\u0161it, dejte n\u00e1m pros\u00edm v\u011bd\u011bt. Nebudeme \u00fa\u010dtovat \u017e\u00e1dn\u00e9 storno poplatky<\/p>\n\n\n\n<p>\u21d2 PROHL\u00cdDKY PRO D\u011aTI ZDARMA<br>V na\u0161\u00ed nab\u00eddce se d\u011bti \u00fa\u010dastn\u00ed v\u0161ech exkurz\u00ed zdarma. Z\u00e1le\u017e\u00ed v\u0161ak na v\u011bku d\u00edt\u011bte a typu z\u00e1jezdu. Po\u017e\u00e1dejte o v\u00fdlety pro sv\u00e9 d\u00edt\u011b zdarma!!!<\/p>\n\n\n\n<p>\u21d2 PLATBA ZA EXKURZE<br>nkeskinTour nep\u0159ij\u00edm\u00e1 platby p\u0159edem ani z\u00e1lohy (krom\u011b z\u00e1jezd\u016f leteckou spole\u010dnost\u00ed). Plat\u00edte s \u0159idi\u010dem nebo pilotem b\u011bhem cesty.<\/p>\n\n\n\n<p>M\u00e1me pln\u00e9 opr\u00e1vn\u011bn\u00ed ud\u011blen\u00e9 TURSAB (tureck\u00e1 organizace sdru\u017euj\u00edc\u00ed cestovn\u00ed kancel\u00e1\u0159e, vyd\u00e1v\u00e1n\u00ed certifik\u00e1t\u016f a kontroluj\u00edc\u00ed \u010dinnost cestovn\u00edch kancel\u00e1\u0159\u00ed v Turecku) v nejvy\u0161\u0161\u00ed kategorii \u201eA\u201c<\/p>\n\n\n\n<p>Registrace v TURSAB<\/p>\n\n\n\n<figure class=\"wp-block-image size-full\"><img loading=\"lazy\" decoding=\"async\" width=\"550\" height=\"705\" src=\"https:\/\/www.nkeskintours.com\/cz\/wp-content\/uploads\/2024\/12\/lisanz.webp\" alt=\"\" class=\"wp-image-1897\" srcset=\"https:\/\/www.nkeskintours.com\/cz\/wp-content\/uploads\/2024\/12\/lisanz.webp 550w, https:\/\/www.nkeskintours.com\/cz\/wp-content\/uploads\/2024\/12\/lisanz-234x300.webp 234w, https:\/\/www.nkeskintours.com\/cz\/wp-content\/uploads\/2024\/12\/lisanz-47x60.webp 47w\" sizes=\"auto, (max-width: 550px) 100vw, 550px\" \/><\/figure>\n","protected":false},"excerpt":{"rendered":"<p>Ji\u017e 18 let pln\u00edme sny na\u0161ich turist\u016f nkeskin TOUR je zku\u0161en\u00e1 m\u00edstn\u00ed cestovn\u00ed kancel\u00e1\u0159, kter\u00e1 po\u0159\u00e1d\u00e1 z\u00e1jezdy ji\u017e od roku 2007. Realizujeme z\u00e1jezdy z nejobl\u00edben\u011bj\u0161\u00edch oblast\u00ed Tureck\u00e9 rivi\u00e9ry &#8211; Alanya, Side, Belek. Na\u0161i pr\u016fvodci maj\u00ed profesion\u00e1ln\u00ed znalosti a anima\u010dn\u00ed dovednosti. O na\u0161e hosty se skv\u011ble &hellip; <\/p>\n","protected":false},"author":1,"featured_media":0,"parent":0,"menu_order":0,"comment_status":"closed","ping_status":"closed","template":"","meta":{"footnotes":""},"class_list":["post-410","page","type-page","status-publish","hentry"],"yoast_head":"<!-- This site is optimized with the Yoast SEO plugin v27.4 - https:\/\/yoast.com\/product\/yoast-seo-wordpress\/ -->\n<title>O n\u00e1s - Turistick\u00fd pr\u016fvodce po Turecku-Side<\/title>\n<meta name=\"description\" content=\"Turistick\u00fd pr\u016fvodce po Turecku-Side O n\u00e1s -\" \/>\n<meta name=\"robots\" content=\"index, follow, max-snippet:-1, max-image-preview:large, max-video-preview:-1\" \/>\n<link rel=\"canonical\" href=\"https:\/\/www.nkeskintours.com\/cz\/about-us\/\" \/>\n<meta property=\"og:locale\" content=\"cs_CZ\" \/>\n<meta property=\"og:type\" content=\"article\" \/>\n<meta property=\"og:title\" content=\"O n\u00e1s - Turistick\u00fd pr\u016fvodce po Turecku-Side\" \/>\n<meta property=\"og:description\" content=\"Turistick\u00fd pr\u016fvodce po Turecku-Side O n\u00e1s -\" \/>\n<meta property=\"og:url\" content=\"https:\/\/www.nkeskintours.com\/cz\/about-us\/\" \/>\n<meta property=\"og:site_name\" content=\"Turistick\u00fd pr\u016fvodce po Turecku-Side\" \/>\n<meta property=\"article:publisher\" content=\"https:\/\/www.facebook.com\/NkeskinTravelAgency\" \/>\n<meta property=\"article:modified_time\" content=\"2024-12-14T21:32:44+00:00\" \/>\n<meta property=\"og:image\" content=\"https:\/\/www.nkeskintours.com\/cz\/wp-content\/uploads\/2024\/12\/lisanz.webp\" \/>\n\t<meta property=\"og:image:width\" content=\"550\" \/>\n\t<meta property=\"og:image:height\" content=\"705\" \/>\n\t<meta property=\"og:image:type\" content=\"image\/webp\" \/>\n<meta name=\"twitter:card\" content=\"summary_large_image\" \/>\n<meta name=\"twitter:label1\" content=\"Odhadovan\u00e1 doba \u010dten\u00ed\" \/>\n\t<meta name=\"twitter:data1\" content=\"3 minuty\" \/>\n<script type=\"application\/ld+json\" class=\"yoast-schema-graph\">{\"@context\":\"https:\\\/\\\/schema.org\",\"@graph\":[{\"@type\":\"WebPage\",\"@id\":\"https:\\\/\\\/www.nkeskintours.com\\\/cz\\\/about-us\\\/\",\"url\":\"https:\\\/\\\/www.nkeskintours.com\\\/cz\\\/about-us\\\/\",\"name\":\"O n\u00e1s - Turistick\u00fd pr\u016fvodce po Turecku-Side\",\"isPartOf\":{\"@id\":\"https:\\\/\\\/www.nkeskintours.com\\\/cz\\\/#website\"},\"primaryImageOfPage\":{\"@id\":\"https:\\\/\\\/www.nkeskintours.com\\\/cz\\\/about-us\\\/#primaryimage\"},\"image\":{\"@id\":\"https:\\\/\\\/www.nkeskintours.com\\\/cz\\\/about-us\\\/#primaryimage\"},\"thumbnailUrl\":\"https:\\\/\\\/www.nkeskintours.com\\\/cz\\\/wp-content\\\/uploads\\\/2024\\\/12\\\/lisanz.webp\",\"datePublished\":\"2017-11-20T09:20:36+00:00\",\"dateModified\":\"2024-12-14T21:32:44+00:00\",\"description\":\"Turistick\u00fd pr\u016fvodce po Turecku-Side O n\u00e1s -\",\"breadcrumb\":{\"@id\":\"https:\\\/\\\/www.nkeskintours.com\\\/cz\\\/about-us\\\/#breadcrumb\"},\"inLanguage\":\"cs\",\"potentialAction\":[{\"@type\":\"ReadAction\",\"target\":[\"https:\\\/\\\/www.nkeskintours.com\\\/cz\\\/about-us\\\/\"]}]},{\"@type\":\"ImageObject\",\"inLanguage\":\"cs\",\"@id\":\"https:\\\/\\\/www.nkeskintours.com\\\/cz\\\/about-us\\\/#primaryimage\",\"url\":\"https:\\\/\\\/www.nkeskintours.com\\\/cz\\\/wp-content\\\/uploads\\\/2024\\\/12\\\/lisanz.webp\",\"contentUrl\":\"https:\\\/\\\/www.nkeskintours.com\\\/cz\\\/wp-content\\\/uploads\\\/2024\\\/12\\\/lisanz.webp\",\"width\":550,\"height\":705},{\"@type\":\"BreadcrumbList\",\"@id\":\"https:\\\/\\\/www.nkeskintours.com\\\/cz\\\/about-us\\\/#breadcrumb\",\"itemListElement\":[{\"@type\":\"ListItem\",\"position\":1,\"name\":\"Dom\u016f\",\"item\":\"https:\\\/\\\/www.nkeskintours.com\\\/cz\\\/\"},{\"@type\":\"ListItem\",\"position\":2,\"name\":\"O n\u00e1s\"}]},{\"@type\":\"WebSite\",\"@id\":\"https:\\\/\\\/www.nkeskintours.com\\\/cz\\\/#website\",\"url\":\"https:\\\/\\\/www.nkeskintours.com\\\/cz\\\/\",\"name\":\"Turistick\u00fd pr\u016fvodce po Turecku-Side pro nejlep\u0161\u00ed pam\u00e1tky a aktivity\",\"description\":\"Za\u017eijte vzru\u0161en\u00ed a dobrodru\u017estv\u00ed na vrcholu ze Side T\u00fcrkey\",\"publisher\":{\"@id\":\"https:\\\/\\\/www.nkeskintours.com\\\/cz\\\/#organization\"},\"potentialAction\":[{\"@type\":\"SearchAction\",\"target\":{\"@type\":\"EntryPoint\",\"urlTemplate\":\"https:\\\/\\\/www.nkeskintours.com\\\/cz\\\/?s={search_term_string}\"},\"query-input\":{\"@type\":\"PropertyValueSpecification\",\"valueRequired\":true,\"valueName\":\"search_term_string\"}}],\"inLanguage\":\"cs\"},{\"@type\":\"Organization\",\"@id\":\"https:\\\/\\\/www.nkeskintours.com\\\/cz\\\/#organization\",\"name\":\"Turistick\u00fd pr\u016fvodce po Turecku-Side pro nejlep\u0161\u00ed pam\u00e1tky a aktivity\",\"url\":\"https:\\\/\\\/www.nkeskintours.com\\\/cz\\\/\",\"logo\":{\"@type\":\"ImageObject\",\"inLanguage\":\"cs\",\"@id\":\"https:\\\/\\\/www.nkeskintours.com\\\/cz\\\/#\\\/schema\\\/logo\\\/image\\\/\",\"url\":\"https:\\\/\\\/www.nkeskintours.com\\\/cz\\\/wp-content\\\/uploads\\\/2025\\\/03\\\/cropped-512.jpg\",\"contentUrl\":\"https:\\\/\\\/www.nkeskintours.com\\\/cz\\\/wp-content\\\/uploads\\\/2025\\\/03\\\/cropped-512.jpg\",\"width\":512,\"height\":512,\"caption\":\"Turistick\u00fd pr\u016fvodce po Turecku-Side pro nejlep\u0161\u00ed pam\u00e1tky a aktivity\"},\"image\":{\"@id\":\"https:\\\/\\\/www.nkeskintours.com\\\/cz\\\/#\\\/schema\\\/logo\\\/image\\\/\"},\"sameAs\":[\"https:\\\/\\\/www.facebook.com\\\/NkeskinTravelAgency\"]}]}<\/script>\n<!-- \/ Yoast SEO plugin. -->","yoast_head_json":{"title":"O n\u00e1s - Turistick\u00fd pr\u016fvodce po Turecku-Side","description":"Turistick\u00fd pr\u016fvodce po Turecku-Side O n\u00e1s -","robots":{"index":"index","follow":"follow","max-snippet":"max-snippet:-1","max-image-preview":"max-image-preview:large","max-video-preview":"max-video-preview:-1"},"canonical":"https:\/\/www.nkeskintours.com\/cz\/about-us\/","og_locale":"cs_CZ","og_type":"article","og_title":"O n\u00e1s - Turistick\u00fd pr\u016fvodce po Turecku-Side","og_description":"Turistick\u00fd pr\u016fvodce po Turecku-Side O n\u00e1s -","og_url":"https:\/\/www.nkeskintours.com\/cz\/about-us\/","og_site_name":"Turistick\u00fd pr\u016fvodce po Turecku-Side","article_publisher":"https:\/\/www.facebook.com\/NkeskinTravelAgency","article_modified_time":"2024-12-14T21:32:44+00:00","og_image":[{"width":550,"height":705,"url":"https:\/\/www.nkeskintours.com\/cz\/wp-content\/uploads\/2024\/12\/lisanz.webp","type":"image\/webp"}],"twitter_card":"summary_large_image","twitter_misc":{"Odhadovan\u00e1 doba \u010dten\u00ed":"3 minuty"},"schema":{"@context":"https:\/\/schema.org","@graph":[{"@type":"WebPage","@id":"https:\/\/www.nkeskintours.com\/cz\/about-us\/","url":"https:\/\/www.nkeskintours.com\/cz\/about-us\/","name":"O n\u00e1s - Turistick\u00fd pr\u016fvodce po Turecku-Side","isPartOf":{"@id":"https:\/\/www.nkeskintours.com\/cz\/#website"},"primaryImageOfPage":{"@id":"https:\/\/www.nkeskintours.com\/cz\/about-us\/#primaryimage"},"image":{"@id":"https:\/\/www.nkeskintours.com\/cz\/about-us\/#primaryimage"},"thumbnailUrl":"https:\/\/www.nkeskintours.com\/cz\/wp-content\/uploads\/2024\/12\/lisanz.webp","datePublished":"2017-11-20T09:20:36+00:00","dateModified":"2024-12-14T21:32:44+00:00","description":"Turistick\u00fd pr\u016fvodce po Turecku-Side O n\u00e1s -","breadcrumb":{"@id":"https:\/\/www.nkeskintours.com\/cz\/about-us\/#breadcrumb"},"inLanguage":"cs","potentialAction":[{"@type":"ReadAction","target":["https:\/\/www.nkeskintours.com\/cz\/about-us\/"]}]},{"@type":"ImageObject","inLanguage":"cs","@id":"https:\/\/www.nkeskintours.com\/cz\/about-us\/#primaryimage","url":"https:\/\/www.nkeskintours.com\/cz\/wp-content\/uploads\/2024\/12\/lisanz.webp","contentUrl":"https:\/\/www.nkeskintours.com\/cz\/wp-content\/uploads\/2024\/12\/lisanz.webp","width":550,"height":705},{"@type":"BreadcrumbList","@id":"https:\/\/www.nkeskintours.com\/cz\/about-us\/#breadcrumb","itemListElement":[{"@type":"ListItem","position":1,"name":"Dom\u016f","item":"https:\/\/www.nkeskintours.com\/cz\/"},{"@type":"ListItem","position":2,"name":"O n\u00e1s"}]},{"@type":"WebSite","@id":"https:\/\/www.nkeskintours.com\/cz\/#website","url":"https:\/\/www.nkeskintours.com\/cz\/","name":"Turistick\u00fd pr\u016fvodce po Turecku-Side pro nejlep\u0161\u00ed pam\u00e1tky a aktivity","description":"Za\u017eijte vzru\u0161en\u00ed a dobrodru\u017estv\u00ed na vrcholu ze Side T\u00fcrkey","publisher":{"@id":"https:\/\/www.nkeskintours.com\/cz\/#organization"},"potentialAction":[{"@type":"SearchAction","target":{"@type":"EntryPoint","urlTemplate":"https:\/\/www.nkeskintours.com\/cz\/?s={search_term_string}"},"query-input":{"@type":"PropertyValueSpecification","valueRequired":true,"valueName":"search_term_string"}}],"inLanguage":"cs"},{"@type":"Organization","@id":"https:\/\/www.nkeskintours.com\/cz\/#organization","name":"Turistick\u00fd pr\u016fvodce po Turecku-Side pro nejlep\u0161\u00ed pam\u00e1tky a aktivity","url":"https:\/\/www.nkeskintours.com\/cz\/","logo":{"@type":"ImageObject","inLanguage":"cs","@id":"https:\/\/www.nkeskintours.com\/cz\/#\/schema\/logo\/image\/","url":"https:\/\/www.nkeskintours.com\/cz\/wp-content\/uploads\/2025\/03\/cropped-512.jpg","contentUrl":"https:\/\/www.nkeskintours.com\/cz\/wp-content\/uploads\/2025\/03\/cropped-512.jpg","width":512,"height":512,"caption":"Turistick\u00fd pr\u016fvodce po Turecku-Side pro nejlep\u0161\u00ed pam\u00e1tky a aktivity"},"image":{"@id":"https:\/\/www.nkeskintours.com\/cz\/#\/schema\/logo\/image\/"},"sameAs":["https:\/\/www.facebook.com\/NkeskinTravelAgency"]}]}},"_links":{"self":[{"href":"https:\/\/www.nkeskintours.com\/cz\/wp-json\/wp\/v2\/pages\/410","targetHints":{"allow":["GET"]}}],"collection":[{"href":"https:\/\/www.nkeskintours.com\/cz\/wp-json\/wp\/v2\/pages"}],"about":[{"href":"https:\/\/www.nkeskintours.com\/cz\/wp-json\/wp\/v2\/types\/page"}],"author":[{"embeddable":true,"href":"https:\/\/www.nkeskintours.com\/cz\/wp-json\/wp\/v2\/users\/1"}],"replies":[{"embeddable":true,"href":"https:\/\/www.nkeskintours.com\/cz\/wp-json\/wp\/v2\/comments?post=410"}],"version-history":[{"count":0,"href":"https:\/\/www.nkeskintours.com\/cz\/wp-json\/wp\/v2\/pages\/410\/revisions"}],"wp:attachment":[{"href":"https:\/\/www.nkeskintours.com\/cz\/wp-json\/wp\/v2\/media?parent=410"}],"curies":[{"name":"wp","href":"https:\/\/api.w.org\/{rel}","templated":true}]}}