{"id":410,"date":"2017-11-20T15:05:36","date_gmt":"2017-11-20T09:20:36","guid":{"rendered":"https:\/\/raratheme.com\/preview\/travel-agency-pro\/about-us\/"},"modified":"2025-04-26T13:24:02","modified_gmt":"2025-04-26T10:24:02","slug":"about-us","status":"publish","type":"page","link":"https:\/\/www.nkeskintours.com\/de\/about-us\/","title":{"rendered":"\u00dcber uns"},"content":{"rendered":"\n\n\n\n\n<p>Ausfl\u00fcge in Alanya, Side? Wir helfen Ihnen gerne weiter. Ausfl\u00fcge, Tagesausfl\u00fcge, Urlaubsaktivit\u00e4ten und Sehensw\u00fcrdigkeiten nur mit Uns. Sie werden T\u00fcrkei mit nkeskin Tours super kennenlernen. Familienreisen mit Kindern? Mit nkeskin Tours sehr gerne! Sie werden bei allen Ausfl\u00fcgen direkt vom Veranstalter abgeholt. Bequem buchen und erst im Bus bezahlen und bei nicht Antritt der Reise ganz einfach absagen.<br>Wir sind seit 2007 auf dem Markt als \u00e4lteste Reiseb\u00fcro in Side.<br>AUSFL\u00dcGE AB 15 EURO<br>Liebe G\u00e4ste, wir haben eine breite Palette unserer Reisen. Jeder kann diejenige w\u00e4hlen, die am besten zu ihm passt. Bei uns gibt es historische, Wasser-, Extrem-, Kultur- und Naturreisen, deren Preise ab 10 Euro beginnen.<br>KOSTENLOSE TRANSFER<br>F\u00fcr jede Reise holen wir Sie von Ihrem Hotel (oder einem anderen bestimmten Ort) ab und fahren Sie nach der Reise wieder zur\u00fcck. Bitte machen Sie sich keine Sorgen dar\u00fcber, wo sich der Treffpunkt befindet und wie Sie dorthin hinkommen- besonders nachts. Ein Bus oder ein Transferwagen holt Sie zum vereinbarten Zeitpunkt ab.<br>VOLLE VERSICHERUNG F\u00dcR IHRE REISE<br>Jede touristische Aktivit\u00e4t erfordert einen vollst\u00e4ndigen Satz von Dokumenten, einschlie\u00dflich Versicherung. Als Reiseb\u00fcro sind wir im Rahmen unseres Gesch\u00e4fts zur Pflichtversicherung verpflichtet. Alle von nkeskin Tours organisierten optionalen Reisen, Ausfl\u00fcgen und Aktivit\u00e4ten sind versichert. Sie brauchen sich keine Sorgen zu machen!<br>KOSTENLOSE \u00c4NDERUNG DES REISEDATUMS<br>Wir wissen, dass verschiedene zuf\u00e4llige Ereignisse auftreten k\u00f6nnen. Wenn Ihnen das gebuchte Reisedatum aus irgend einem Grund nicht zusagt, teilen Sie uns dies bitte mindestens bis 20:00 Uhr am Tag vor der Reise mit. Wir werden dann ein anderes Datum f\u00fcr Ihren Ausflug vorschlagen.<br>KOSTENLOSE STORNIERUNG<br>Wenn Sie sich entscheiden, die Reise abzusagen, teilen Sie uns dies bitte sofort mit. Wir berechnen keine Stornierungsgeb\u00fchren oder Extrakosten.<br>KOSTENLOSE AUSFL\u00dcGE F\u00dcR KINDER<br>In unserem Angebot nehmen wir Kinder kostenlos mit. Dies h\u00e4ngt jedoch vom Alter des Kindes und der Art der Reise ab. Fragen Sie nach kostenlosen Ausfl\u00fcgen f\u00fcr Ihr Kind !<br>Unsere Lizennz<\/p>\n\n\n\n<div class=\"wp-block-columns is-layout-flex wp-container-core-columns-is-layout-9d6595d7 wp-block-columns-is-layout-flex\">\n<div class=\"wp-block-column is-layout-flow wp-block-column-is-layout-flow\" style=\"flex-basis:50%\">\n<figure class=\"wp-block-image size-full\"><img loading=\"lazy\" decoding=\"async\" width=\"550\" height=\"705\" src=\"https:\/\/www.nkeskintours.com\/de\/wp-content\/uploads\/2024\/11\/lisanz-1.webp\" alt=\"\" class=\"wp-image-2525\" srcset=\"https:\/\/www.nkeskintours.com\/de\/wp-content\/uploads\/2024\/11\/lisanz-1.webp 550w, https:\/\/www.nkeskintours.com\/de\/wp-content\/uploads\/2024\/11\/lisanz-1-234x300.webp 234w, https:\/\/www.nkeskintours.com\/de\/wp-content\/uploads\/2024\/11\/lisanz-1-47x60.webp 47w\" sizes=\"auto, (max-width: 550px) 100vw, 550px\" \/><\/figure>\n<\/div>\n\n\n\n<div class=\"wp-block-column is-layout-flow wp-block-column-is-layout-flow\" style=\"flex-basis:50%\">\n<figure class=\"wp-block-image size-full\"><a href=\"https:\/\/www.tursab.org.tr\/tr\/ddsv\"><img loading=\"lazy\" decoding=\"async\" width=\"400\" height=\"182\" src=\"https:\/\/www.nkeskintours.com\/de\/wp-content\/uploads\/2024\/11\/tursab-dvs-5546-ing.webp\" alt=\"\" class=\"wp-image-2512\" srcset=\"https:\/\/www.nkeskintours.com\/de\/wp-content\/uploads\/2024\/11\/tursab-dvs-5546-ing.webp 400w, https:\/\/www.nkeskintours.com\/de\/wp-content\/uploads\/2024\/11\/tursab-dvs-5546-ing-300x137.webp 300w, https:\/\/www.nkeskintours.com\/de\/wp-content\/uploads\/2024\/11\/tursab-dvs-5546-ing-132x60.webp 132w\" sizes=\"auto, (max-width: 400px) 100vw, 400px\" \/><\/a><\/figure>\n<\/div>\n<\/div>\n\n\n\n\n","protected":false},"excerpt":{"rendered":"<p>Ausfl\u00fcge in Alanya, Side? Wir helfen Ihnen gerne weiter. Ausfl\u00fcge, Tagesausfl\u00fcge, Urlaubsaktivit\u00e4ten und Sehensw\u00fcrdigkeiten nur mit Uns. Sie werden T\u00fcrkei mit nkeskin Tours super kennenlernen. Familienreisen mit Kindern? Mit nkeskin Tours sehr gerne! Sie werden bei allen Ausfl\u00fcgen direkt vom Veranstalter abgeholt. Bequem buchen und &hellip; <\/p>\n","protected":false},"author":1,"featured_media":0,"parent":0,"menu_order":0,"comment_status":"closed","ping_status":"closed","template":"","meta":{"footnotes":""},"class_list":["post-410","page","type-page","status-publish","hentry"],"yoast_head":"<!-- This site is optimized with the Yoast SEO plugin v27.4 - https:\/\/yoast.com\/product\/yoast-seo-wordpress\/ -->\n<title>\u00dcber uns - Ausfl\u00fcge- Erlebnisse in Side<\/title>\n<meta name=\"robots\" content=\"index, follow, max-snippet:-1, max-image-preview:large, max-video-preview:-1\" \/>\n<link rel=\"canonical\" href=\"https:\/\/www.nkeskintours.com\/de\/about-us\/\" \/>\n<meta property=\"og:locale\" content=\"de_DE\" \/>\n<meta property=\"og:type\" content=\"article\" \/>\n<meta property=\"og:title\" content=\"\u00dcber uns - Ausfl\u00fcge- Erlebnisse in Side\" \/>\n<meta property=\"og:description\" content=\"Ausfl\u00fcge in Alanya, Side? Wir helfen Ihnen gerne weiter. Ausfl\u00fcge, Tagesausfl\u00fcge, Urlaubsaktivit\u00e4ten und Sehensw\u00fcrdigkeiten nur mit Uns. Sie werden T\u00fcrkei mit nkeskin Tours super kennenlernen. Familienreisen mit Kindern? Mit nkeskin Tours sehr gerne! Sie werden bei allen Ausfl\u00fcgen direkt vom Veranstalter abgeholt. Bequem buchen und &hellip;\" \/>\n<meta property=\"og:url\" content=\"https:\/\/www.nkeskintours.com\/de\/about-us\/\" \/>\n<meta property=\"og:site_name\" content=\"Ausfl\u00fcge- Erlebnisse in Side\" \/>\n<meta property=\"article:modified_time\" content=\"2025-04-26T10:24:02+00:00\" \/>\n<meta property=\"og:image\" content=\"https:\/\/www.nkeskintours.com\/de\/wp-content\/uploads\/2024\/11\/lisanz-1.webp\" \/>\n\t<meta property=\"og:image:width\" content=\"550\" \/>\n\t<meta property=\"og:image:height\" content=\"705\" \/>\n\t<meta property=\"og:image:type\" content=\"image\/webp\" \/>\n<meta name=\"twitter:card\" content=\"summary_large_image\" \/>\n<meta name=\"twitter:label1\" content=\"Gesch\u00e4tzte Lesezeit\" \/>\n\t<meta name=\"twitter:data1\" content=\"3\u00a0Minuten\" \/>\n<script type=\"application\/ld+json\" class=\"yoast-schema-graph\">{\"@context\":\"https:\\\/\\\/schema.org\",\"@graph\":[{\"@type\":\"WebPage\",\"@id\":\"https:\\\/\\\/www.nkeskintours.com\\\/de\\\/about-us\\\/\",\"url\":\"https:\\\/\\\/www.nkeskintours.com\\\/de\\\/about-us\\\/\",\"name\":\"\u00dcber uns - Ausfl\u00fcge- Erlebnisse in Side\",\"isPartOf\":{\"@id\":\"https:\\\/\\\/www.nkeskintours.com\\\/de\\\/#website\"},\"primaryImageOfPage\":{\"@id\":\"https:\\\/\\\/www.nkeskintours.com\\\/de\\\/about-us\\\/#primaryimage\"},\"image\":{\"@id\":\"https:\\\/\\\/www.nkeskintours.com\\\/de\\\/about-us\\\/#primaryimage\"},\"thumbnailUrl\":\"https:\\\/\\\/www.nkeskintours.com\\\/de\\\/wp-content\\\/uploads\\\/2024\\\/11\\\/lisanz-1.webp\",\"datePublished\":\"2017-11-20T09:20:36+00:00\",\"dateModified\":\"2025-04-26T10:24:02+00:00\",\"breadcrumb\":{\"@id\":\"https:\\\/\\\/www.nkeskintours.com\\\/de\\\/about-us\\\/#breadcrumb\"},\"inLanguage\":\"de\",\"potentialAction\":[{\"@type\":\"ReadAction\",\"target\":[\"https:\\\/\\\/www.nkeskintours.com\\\/de\\\/about-us\\\/\"]}]},{\"@type\":\"ImageObject\",\"inLanguage\":\"de\",\"@id\":\"https:\\\/\\\/www.nkeskintours.com\\\/de\\\/about-us\\\/#primaryimage\",\"url\":\"https:\\\/\\\/www.nkeskintours.com\\\/de\\\/wp-content\\\/uploads\\\/2024\\\/11\\\/lisanz-1.webp\",\"contentUrl\":\"https:\\\/\\\/www.nkeskintours.com\\\/de\\\/wp-content\\\/uploads\\\/2024\\\/11\\\/lisanz-1.webp\",\"width\":550,\"height\":705},{\"@type\":\"BreadcrumbList\",\"@id\":\"https:\\\/\\\/www.nkeskintours.com\\\/de\\\/about-us\\\/#breadcrumb\",\"itemListElement\":[{\"@type\":\"ListItem\",\"position\":1,\"name\":\"Startseite\",\"item\":\"https:\\\/\\\/www.nkeskintours.com\\\/de\\\/\"},{\"@type\":\"ListItem\",\"position\":2,\"name\":\"\u00dcber uns\"}]},{\"@type\":\"WebSite\",\"@id\":\"https:\\\/\\\/www.nkeskintours.com\\\/de\\\/#website\",\"url\":\"https:\\\/\\\/www.nkeskintours.com\\\/de\\\/\",\"name\":\"Ausfl\u00fcge- Erlebnisse in Side\",\"description\":\"Erleben Sie Spannung und Abenteuer auf dem H\u00f6hepunkt Reiseb\u00fcro in Side T\u00fcrkei\",\"publisher\":{\"@id\":\"https:\\\/\\\/www.nkeskintours.com\\\/de\\\/#organization\"},\"potentialAction\":[{\"@type\":\"SearchAction\",\"target\":{\"@type\":\"EntryPoint\",\"urlTemplate\":\"https:\\\/\\\/www.nkeskintours.com\\\/de\\\/?s={search_term_string}\"},\"query-input\":{\"@type\":\"PropertyValueSpecification\",\"valueRequired\":true,\"valueName\":\"search_term_string\"}}],\"inLanguage\":\"de\"},{\"@type\":\"Organization\",\"@id\":\"https:\\\/\\\/www.nkeskintours.com\\\/de\\\/#organization\",\"name\":\"Ausfl\u00fcge- Erlebnisse in Side\",\"url\":\"https:\\\/\\\/www.nkeskintours.com\\\/de\\\/\",\"logo\":{\"@type\":\"ImageObject\",\"inLanguage\":\"de\",\"@id\":\"https:\\\/\\\/www.nkeskintours.com\\\/de\\\/#\\\/schema\\\/logo\\\/image\\\/\",\"url\":\"https:\\\/\\\/www.nkeskintours.com\\\/de\\\/wp-content\\\/uploads\\\/2025\\\/03\\\/cropped-150.jpg\",\"contentUrl\":\"https:\\\/\\\/www.nkeskintours.com\\\/de\\\/wp-content\\\/uploads\\\/2025\\\/03\\\/cropped-150.jpg\",\"width\":150,\"height\":150,\"caption\":\"Ausfl\u00fcge- Erlebnisse in Side\"},\"image\":{\"@id\":\"https:\\\/\\\/www.nkeskintours.com\\\/de\\\/#\\\/schema\\\/logo\\\/image\\\/\"}}]}<\/script>\n<!-- \/ Yoast SEO plugin. -->","yoast_head_json":{"title":"\u00dcber uns - Ausfl\u00fcge- Erlebnisse in Side","robots":{"index":"index","follow":"follow","max-snippet":"max-snippet:-1","max-image-preview":"max-image-preview:large","max-video-preview":"max-video-preview:-1"},"canonical":"https:\/\/www.nkeskintours.com\/de\/about-us\/","og_locale":"de_DE","og_type":"article","og_title":"\u00dcber uns - Ausfl\u00fcge- Erlebnisse in Side","og_description":"Ausfl\u00fcge in Alanya, Side? Wir helfen Ihnen gerne weiter. Ausfl\u00fcge, Tagesausfl\u00fcge, Urlaubsaktivit\u00e4ten und Sehensw\u00fcrdigkeiten nur mit Uns. Sie werden T\u00fcrkei mit nkeskin Tours super kennenlernen. Familienreisen mit Kindern? Mit nkeskin Tours sehr gerne! Sie werden bei allen Ausfl\u00fcgen direkt vom Veranstalter abgeholt. Bequem buchen und &hellip;","og_url":"https:\/\/www.nkeskintours.com\/de\/about-us\/","og_site_name":"Ausfl\u00fcge- Erlebnisse in Side","article_modified_time":"2025-04-26T10:24:02+00:00","og_image":[{"width":550,"height":705,"url":"https:\/\/www.nkeskintours.com\/de\/wp-content\/uploads\/2024\/11\/lisanz-1.webp","type":"image\/webp"}],"twitter_card":"summary_large_image","twitter_misc":{"Gesch\u00e4tzte Lesezeit":"3\u00a0Minuten"},"schema":{"@context":"https:\/\/schema.org","@graph":[{"@type":"WebPage","@id":"https:\/\/www.nkeskintours.com\/de\/about-us\/","url":"https:\/\/www.nkeskintours.com\/de\/about-us\/","name":"\u00dcber uns - Ausfl\u00fcge- Erlebnisse in Side","isPartOf":{"@id":"https:\/\/www.nkeskintours.com\/de\/#website"},"primaryImageOfPage":{"@id":"https:\/\/www.nkeskintours.com\/de\/about-us\/#primaryimage"},"image":{"@id":"https:\/\/www.nkeskintours.com\/de\/about-us\/#primaryimage"},"thumbnailUrl":"https:\/\/www.nkeskintours.com\/de\/wp-content\/uploads\/2024\/11\/lisanz-1.webp","datePublished":"2017-11-20T09:20:36+00:00","dateModified":"2025-04-26T10:24:02+00:00","breadcrumb":{"@id":"https:\/\/www.nkeskintours.com\/de\/about-us\/#breadcrumb"},"inLanguage":"de","potentialAction":[{"@type":"ReadAction","target":["https:\/\/www.nkeskintours.com\/de\/about-us\/"]}]},{"@type":"ImageObject","inLanguage":"de","@id":"https:\/\/www.nkeskintours.com\/de\/about-us\/#primaryimage","url":"https:\/\/www.nkeskintours.com\/de\/wp-content\/uploads\/2024\/11\/lisanz-1.webp","contentUrl":"https:\/\/www.nkeskintours.com\/de\/wp-content\/uploads\/2024\/11\/lisanz-1.webp","width":550,"height":705},{"@type":"BreadcrumbList","@id":"https:\/\/www.nkeskintours.com\/de\/about-us\/#breadcrumb","itemListElement":[{"@type":"ListItem","position":1,"name":"Startseite","item":"https:\/\/www.nkeskintours.com\/de\/"},{"@type":"ListItem","position":2,"name":"\u00dcber uns"}]},{"@type":"WebSite","@id":"https:\/\/www.nkeskintours.com\/de\/#website","url":"https:\/\/www.nkeskintours.com\/de\/","name":"Ausfl\u00fcge- Erlebnisse in Side","description":"Erleben Sie Spannung und Abenteuer auf dem H\u00f6hepunkt Reiseb\u00fcro in Side T\u00fcrkei","publisher":{"@id":"https:\/\/www.nkeskintours.com\/de\/#organization"},"potentialAction":[{"@type":"SearchAction","target":{"@type":"EntryPoint","urlTemplate":"https:\/\/www.nkeskintours.com\/de\/?s={search_term_string}"},"query-input":{"@type":"PropertyValueSpecification","valueRequired":true,"valueName":"search_term_string"}}],"inLanguage":"de"},{"@type":"Organization","@id":"https:\/\/www.nkeskintours.com\/de\/#organization","name":"Ausfl\u00fcge- Erlebnisse in Side","url":"https:\/\/www.nkeskintours.com\/de\/","logo":{"@type":"ImageObject","inLanguage":"de","@id":"https:\/\/www.nkeskintours.com\/de\/#\/schema\/logo\/image\/","url":"https:\/\/www.nkeskintours.com\/de\/wp-content\/uploads\/2025\/03\/cropped-150.jpg","contentUrl":"https:\/\/www.nkeskintours.com\/de\/wp-content\/uploads\/2025\/03\/cropped-150.jpg","width":150,"height":150,"caption":"Ausfl\u00fcge- Erlebnisse in Side"},"image":{"@id":"https:\/\/www.nkeskintours.com\/de\/#\/schema\/logo\/image\/"}}]}},"_links":{"self":[{"href":"https:\/\/www.nkeskintours.com\/de\/wp-json\/wp\/v2\/pages\/410","targetHints":{"allow":["GET"]}}],"collection":[{"href":"https:\/\/www.nkeskintours.com\/de\/wp-json\/wp\/v2\/pages"}],"about":[{"href":"https:\/\/www.nkeskintours.com\/de\/wp-json\/wp\/v2\/types\/page"}],"author":[{"embeddable":true,"href":"https:\/\/www.nkeskintours.com\/de\/wp-json\/wp\/v2\/users\/1"}],"replies":[{"embeddable":true,"href":"https:\/\/www.nkeskintours.com\/de\/wp-json\/wp\/v2\/comments?post=410"}],"version-history":[{"count":0,"href":"https:\/\/www.nkeskintours.com\/de\/wp-json\/wp\/v2\/pages\/410\/revisions"}],"wp:attachment":[{"href":"https:\/\/www.nkeskintours.com\/de\/wp-json\/wp\/v2\/media?parent=410"}],"curies":[{"name":"wp","href":"https:\/\/api.w.org\/{rel}","templated":true}]}}