{"id":410,"date":"2017-11-20T15:05:36","date_gmt":"2017-11-20T09:20:36","guid":{"rendered":"https:\/\/raratheme.com\/preview\/travel-agency-pro\/about-us\/"},"modified":"2024-11-14T14:40:33","modified_gmt":"2024-11-14T11:40:33","slug":"about-us","status":"publish","type":"page","link":"https:\/\/www.nkeskintours.com\/pl\/about-us\/","title":{"rendered":"O nas"},"content":{"rendered":"\n<p>Nkeskin Tours &#8211; TWOJE BIURO PODR\u00d3\u017bY W TURCJI<br>Od 16 lat spe\u0142niamy marzenia naszych turyst\u00f3w<\/p>\n\n\n\n<p>nkeskin Tours jest touroperatorem, lokalnym biurem podr\u00f3\u017cy organizuj\u0105cym wycieczki fakultatywne od 2007 roku. Nie wa\u017cne gdzie jeste\u015bcie na wakacjach w Turcji, czy to Alanya, Side odbierzemy Was bezpo\u015brednio z hotelu\/domu. B\u0119dziecie pod opiek\u0105 jednego z naszych profesjonalnych pilot\u00f3w\/przewodnik\u00f3w, kt\u00f3ry zadba o Wasze dobre samopoczucie i zabaw\u0119. Nasi pracownicy posiadaj\u0105 fachow\u0105 wiedz\u0119 i umiej\u0119tno\u015bci animacyjne. Znaj\u0105 ten kraj, tradycj\u0119, kultur\u0119, histori\u0119. Doskonale zajm\u0105 si\u0119 naszymi go\u015b\u0107mi i zrobi\u0105 to w j\u0119zyku polskim. Profesjonalna obs\u0142uga, opieka, atrakcyjne ceny i sprawna organizacja powoduj\u0105 efektywne wykorzystanie cennego czasu podczas wycieczki fakultatywnej. Dzi\u0119ki temu nasi tury\u015bci na d\u0142ugo zapami\u0119taj\u0105 wra\u017cenia z ka\u017cdej odbytej podr\u00f3\u017cy.<\/p>\n\n\n\n<p>WYCIECZKI FAKULTATYWNE OD 15 EURO<br>Wychodz\u0105c z ofert\u0105 do naszych Go\u015bci, posiadamy szeroki wachlarz naszych wycieczek. Ka\u017cdy mo\u017ce wybra\u0107 odpowiedni\u0105 dla siebie. W\u015br\u00f3d nich s\u0105 wycieczki historyczne, wodne, ekstremalne, kulturowe, przyrodnicze, a ich cena ju\u017c od 15 euro.<\/p>\n\n\n\n<p>ZAREZERWUJ DZISIAJ A ZAP\u0141A\u0106 DOPIERO W DNIU WYCIECZKI, W AUTOBUSIE<br>nkeskin Tours nie przyjmuje przedp\u0142at ani zap\u0142aty z g\u00f3ry (za wyj\u0105tkiem wycieczek samolotowych). P\u0142acicie Pa\u0144stwo u kierowcy lub pilota podczas wycieczki. Przyj\u0119li\u015bmy tak\u0105 bezpieczn\u0105 dla Pa\u0144stwa form\u0119 zap\u0142aty za wycieczk\u0119.<\/p>\n\n\n\n<p>DARMOWY TRANSFER<br>Na ka\u017cd\u0105 wycieczk\u0119 odbierzemy Pa\u0144stwa z hotelu (lub innego wskazanego miejsca) i po zako\u0144czeniu wycieczki z powrotem odwieziemy. Prosz\u0119 si\u0119 nie zamartwia\u0107 tym, gdzie b\u0119dzie miejsce zbi\u00f3rki i jak si\u0119 tam &#8211; zw\u0142aszcza w nocy &#8211; dosta\u0107. Autobus lub samoch\u00f3d transferowy podjedzie po Pa\u0144stwa o uzgodnionej godzinie.<\/p>\n\n\n\n<p>UBEZPIECZNIE PODR\u00d3\u017bNE<br>Ka\u017cda dzia\u0142alno\u015b\u0107 turystyczna wymaga przedstawienia kompletu dokument\u00f3w, w tym ubezpieczenia. Jako biuro podr\u00f3\u017cy zobligowani jeste\u015bmy do posiadania obowi\u0105zkowego ubezpieczenia w zakresie prowadzonej dzia\u0142alno\u015bci. Wszystkie wycieczki fakultatywne organizowane przez nkeskin Tours s\u0105 ubezpieczone. Wycieczki ekstremalne (takie jak np. lot balonem, paragliding, nurkowanie, raftin) organizowane przez nasze biuro podr\u00f3\u017cy tak\u017ce posiadaj\u0105 dodatkowe ubezpieczenie.<\/p>\n\n\n\n<p>Nie s\u0105 prawdziwe informacje przekazywane przez rezydent\u00f3w hotelowych, \u017ce je\u017celi opu\u015bcicie hotel i wyjedziecie na wycieczk\u0119 fakultatywn\u0105 organizowan\u0105 przez inne biura to zostajecie Pa\u0144stwo bez ubezpieczenia, a Wasze prywatne ubezpieczenie koszt\u00f3w leczenia i NNW zostaje anulowane. Taka praktyka jest nieetyczna.<\/p>\n\n\n\n<p>Nale\u017cy nadmieni\u0107, \u017ce \u017cadne ubezpieczenie nie obejmuje skutk\u00f3w powsta\u0142ych pod wp\u0142ywem alkoholu. Osoby przewlekle chore powinny mie\u0107 swoje indywidualne ubezpieczenie w tym zakresie.<\/p>\n\n\n\n<p>BEZP\u0141ATANA ZAMIANA DATY WYCIECZKI<br>Wiemy, \u017ce mog\u0105 si\u0119 wydarzy\u0107 r\u00f3\u017cne przypadki losowe. Je\u017celi zarezerwowany termin wycieczki z jakiej\u015b przyczyny nie jest dla Pa\u0144stwa wygodny, prosz\u0119 nas o tym powiadomi\u0107, co najmniej do godziny 20 dnia poprzedzaj\u0105cego wycieczk\u0119, a my zaproponujemy inn\u0105 dat\u0119.<\/p>\n\n\n\n<p>BEZP\u0141ATNA REZYGNACJA<br>Je\u017celi uznali\u015bcie Pa\u0144stwo, \u017ce chcecie zrezygnowa\u0107 z udzia\u0142u w wycieczce, prosz\u0119 nas poprostu o tym poinformowa\u0107. Nie naliczymy \u017cadnych koszt\u00f3w rezygnacji.<\/p>\n\n\n\n<p>DARMOWE WYCIECZKI DLA DZIECI<br>W naszej ofercie we wszystkich wycieczkach dzieci uczestnicz\u0105 za darmo. Jest to jednak uzale\u017cnione od wieku dziecka i rodzaju wycieczki. Zapytaj o darmowe wycieczki dla Twojego dziecka !!!<\/p>\n\n\n\n<p>Posiadamy pe\u0142ne uprawnienia nadane przez TURSAB (turecka organizacja zrzeszaj\u0105ca biura podr\u00f3\u017cy, wydaj\u0105ca certyfikaty i dokonuj\u0105ca kontroli dzia\u0142alno\u015bci biur podr\u00f3\u017cy w Turcji) w w najwy\u017cszej kategorii \u201cA\u201d<br>Rejestracja w TURSAB<\/p>\n\n\n\n<div class=\"wp-block-columns is-layout-flex wp-container-core-columns-is-layout-9d6595d7 wp-block-columns-is-layout-flex\">\n<div class=\"wp-block-column is-layout-flow wp-block-column-is-layout-flow\" style=\"flex-basis:66.66%\">\n<figure class=\"wp-block-image size-full\"><img loading=\"lazy\" decoding=\"async\" width=\"550\" height=\"705\" src=\"https:\/\/www.nkeskintours.com\/pl\/wp-content\/uploads\/2024\/11\/lisanz.webp\" alt=\"\" class=\"wp-image-2328\" srcset=\"https:\/\/www.nkeskintours.com\/pl\/wp-content\/uploads\/2024\/11\/lisanz.webp 550w, https:\/\/www.nkeskintours.com\/pl\/wp-content\/uploads\/2024\/11\/lisanz-234x300.webp 234w, https:\/\/www.nkeskintours.com\/pl\/wp-content\/uploads\/2024\/11\/lisanz-47x60.webp 47w\" sizes=\"auto, (max-width: 550px) 100vw, 550px\" \/><\/figure>\n<\/div>\n\n\n\n<div class=\"wp-block-column is-layout-flow wp-block-column-is-layout-flow\" style=\"flex-basis:33.33%\"><\/div>\n<\/div>\n","protected":false},"excerpt":{"rendered":"<p>Nkeskin Tours &#8211; TWOJE BIURO PODR\u00d3\u017bY W TURCJIOd 16 lat spe\u0142niamy marzenia naszych turyst\u00f3w nkeskin Tours jest touroperatorem, lokalnym biurem podr\u00f3\u017cy organizuj\u0105cym wycieczki fakultatywne od 2007 roku. Nie wa\u017cne gdzie jeste\u015bcie na wakacjach w Turcji, czy to Alanya, Side odbierzemy Was bezpo\u015brednio z hotelu\/domu. B\u0119dziecie &hellip; <\/p>\n","protected":false},"author":1,"featured_media":0,"parent":0,"menu_order":0,"comment_status":"closed","ping_status":"closed","template":"","meta":{"footnotes":""},"class_list":["post-410","page","type-page","status-publish","hentry"],"yoast_head":"<!-- This site is optimized with the Yoast SEO plugin v27.4 - https:\/\/yoast.com\/product\/yoast-seo-wordpress\/ -->\n<title>O nas - Atrakcje i wycieczki Side<\/title>\n<meta name=\"robots\" content=\"index, follow, max-snippet:-1, max-image-preview:large, max-video-preview:-1\" \/>\n<link rel=\"canonical\" href=\"https:\/\/www.nkeskintours.com\/pl\/about-us\/\" \/>\n<meta property=\"og:locale\" content=\"pl_PL\" \/>\n<meta property=\"og:type\" content=\"article\" \/>\n<meta property=\"og:title\" content=\"O nas - Atrakcje i wycieczki Side\" \/>\n<meta property=\"og:description\" content=\"Nkeskin Tours &#8211; TWOJE BIURO PODR\u00d3\u017bY W TURCJIOd 16 lat spe\u0142niamy marzenia naszych turyst\u00f3w nkeskin Tours jest touroperatorem, lokalnym biurem podr\u00f3\u017cy organizuj\u0105cym wycieczki fakultatywne od 2007 roku. Nie wa\u017cne gdzie jeste\u015bcie na wakacjach w Turcji, czy to Alanya, Side odbierzemy Was bezpo\u015brednio z hotelu\/domu. B\u0119dziecie &hellip;\" \/>\n<meta property=\"og:url\" content=\"https:\/\/www.nkeskintours.com\/pl\/about-us\/\" \/>\n<meta property=\"og:site_name\" content=\"Atrakcje i wycieczki Side\" \/>\n<meta property=\"article:publisher\" content=\"https:\/\/www.facebook.com\/NkeskinTravelAgency\" \/>\n<meta property=\"article:modified_time\" content=\"2024-11-14T11:40:33+00:00\" \/>\n<meta property=\"og:image\" content=\"https:\/\/www.nkeskintours.com\/pl\/wp-content\/uploads\/2024\/11\/lisanz.webp\" \/>\n\t<meta property=\"og:image:width\" content=\"550\" \/>\n\t<meta property=\"og:image:height\" content=\"705\" \/>\n\t<meta property=\"og:image:type\" content=\"image\/webp\" \/>\n<meta name=\"twitter:card\" content=\"summary_large_image\" \/>\n<meta name=\"twitter:label1\" content=\"Szacowany czas czytania\" \/>\n\t<meta name=\"twitter:data1\" content=\"4 minuty\" \/>\n<script type=\"application\/ld+json\" class=\"yoast-schema-graph\">{\"@context\":\"https:\\\/\\\/schema.org\",\"@graph\":[{\"@type\":\"WebPage\",\"@id\":\"https:\\\/\\\/www.nkeskintours.com\\\/pl\\\/about-us\\\/\",\"url\":\"https:\\\/\\\/www.nkeskintours.com\\\/pl\\\/about-us\\\/\",\"name\":\"O nas - Atrakcje i wycieczki Side\",\"isPartOf\":{\"@id\":\"https:\\\/\\\/www.nkeskintours.com\\\/pl\\\/#website\"},\"primaryImageOfPage\":{\"@id\":\"https:\\\/\\\/www.nkeskintours.com\\\/pl\\\/about-us\\\/#primaryimage\"},\"image\":{\"@id\":\"https:\\\/\\\/www.nkeskintours.com\\\/pl\\\/about-us\\\/#primaryimage\"},\"thumbnailUrl\":\"https:\\\/\\\/www.nkeskintours.com\\\/pl\\\/wp-content\\\/uploads\\\/2024\\\/11\\\/lisanz.webp\",\"datePublished\":\"2017-11-20T09:20:36+00:00\",\"dateModified\":\"2024-11-14T11:40:33+00:00\",\"inLanguage\":\"pl-PL\",\"potentialAction\":[{\"@type\":\"ReadAction\",\"target\":[\"https:\\\/\\\/www.nkeskintours.com\\\/pl\\\/about-us\\\/\"]}]},{\"@type\":\"ImageObject\",\"inLanguage\":\"pl-PL\",\"@id\":\"https:\\\/\\\/www.nkeskintours.com\\\/pl\\\/about-us\\\/#primaryimage\",\"url\":\"https:\\\/\\\/www.nkeskintours.com\\\/pl\\\/wp-content\\\/uploads\\\/2024\\\/11\\\/lisanz.webp\",\"contentUrl\":\"https:\\\/\\\/www.nkeskintours.com\\\/pl\\\/wp-content\\\/uploads\\\/2024\\\/11\\\/lisanz.webp\",\"width\":550,\"height\":705},{\"@type\":\"WebSite\",\"@id\":\"https:\\\/\\\/www.nkeskintours.com\\\/pl\\\/#website\",\"url\":\"https:\\\/\\\/www.nkeskintours.com\\\/pl\\\/\",\"name\":\"Atrakcje i wycieczki Side\",\"description\":\"Prze\u017cyj emocje i przygod\u0119 na najwy\u017cszym poziomie z Side w Turcji\",\"publisher\":{\"@id\":\"https:\\\/\\\/www.nkeskintours.com\\\/pl\\\/#organization\"},\"potentialAction\":[{\"@type\":\"SearchAction\",\"target\":{\"@type\":\"EntryPoint\",\"urlTemplate\":\"https:\\\/\\\/www.nkeskintours.com\\\/pl\\\/?s={search_term_string}\"},\"query-input\":{\"@type\":\"PropertyValueSpecification\",\"valueRequired\":true,\"valueName\":\"search_term_string\"}}],\"inLanguage\":\"pl-PL\"},{\"@type\":\"Organization\",\"@id\":\"https:\\\/\\\/www.nkeskintours.com\\\/pl\\\/#organization\",\"name\":\"Atrakcje i wycieczki Side\",\"url\":\"https:\\\/\\\/www.nkeskintours.com\\\/pl\\\/\",\"logo\":{\"@type\":\"ImageObject\",\"inLanguage\":\"pl-PL\",\"@id\":\"https:\\\/\\\/www.nkeskintours.com\\\/pl\\\/#\\\/schema\\\/logo\\\/image\\\/\",\"url\":\"https:\\\/\\\/www.nkeskintours.com\\\/pl\\\/wp-content\\\/uploads\\\/2025\\\/03\\\/150.jpg\",\"contentUrl\":\"https:\\\/\\\/www.nkeskintours.com\\\/pl\\\/wp-content\\\/uploads\\\/2025\\\/03\\\/150.jpg\",\"width\":150,\"height\":150,\"caption\":\"Atrakcje i wycieczki Side\"},\"image\":{\"@id\":\"https:\\\/\\\/www.nkeskintours.com\\\/pl\\\/#\\\/schema\\\/logo\\\/image\\\/\"},\"sameAs\":[\"https:\\\/\\\/www.facebook.com\\\/NkeskinTravelAgency\"]}]}<\/script>\n<!-- \/ Yoast SEO plugin. -->","yoast_head_json":{"title":"O nas - Atrakcje i wycieczki Side","robots":{"index":"index","follow":"follow","max-snippet":"max-snippet:-1","max-image-preview":"max-image-preview:large","max-video-preview":"max-video-preview:-1"},"canonical":"https:\/\/www.nkeskintours.com\/pl\/about-us\/","og_locale":"pl_PL","og_type":"article","og_title":"O nas - Atrakcje i wycieczki Side","og_description":"Nkeskin Tours &#8211; TWOJE BIURO PODR\u00d3\u017bY W TURCJIOd 16 lat spe\u0142niamy marzenia naszych turyst\u00f3w nkeskin Tours jest touroperatorem, lokalnym biurem podr\u00f3\u017cy organizuj\u0105cym wycieczki fakultatywne od 2007 roku. Nie wa\u017cne gdzie jeste\u015bcie na wakacjach w Turcji, czy to Alanya, Side odbierzemy Was bezpo\u015brednio z hotelu\/domu. B\u0119dziecie &hellip;","og_url":"https:\/\/www.nkeskintours.com\/pl\/about-us\/","og_site_name":"Atrakcje i wycieczki Side","article_publisher":"https:\/\/www.facebook.com\/NkeskinTravelAgency","article_modified_time":"2024-11-14T11:40:33+00:00","og_image":[{"width":550,"height":705,"url":"https:\/\/www.nkeskintours.com\/pl\/wp-content\/uploads\/2024\/11\/lisanz.webp","type":"image\/webp"}],"twitter_card":"summary_large_image","twitter_misc":{"Szacowany czas czytania":"4 minuty"},"schema":{"@context":"https:\/\/schema.org","@graph":[{"@type":"WebPage","@id":"https:\/\/www.nkeskintours.com\/pl\/about-us\/","url":"https:\/\/www.nkeskintours.com\/pl\/about-us\/","name":"O nas - Atrakcje i wycieczki Side","isPartOf":{"@id":"https:\/\/www.nkeskintours.com\/pl\/#website"},"primaryImageOfPage":{"@id":"https:\/\/www.nkeskintours.com\/pl\/about-us\/#primaryimage"},"image":{"@id":"https:\/\/www.nkeskintours.com\/pl\/about-us\/#primaryimage"},"thumbnailUrl":"https:\/\/www.nkeskintours.com\/pl\/wp-content\/uploads\/2024\/11\/lisanz.webp","datePublished":"2017-11-20T09:20:36+00:00","dateModified":"2024-11-14T11:40:33+00:00","inLanguage":"pl-PL","potentialAction":[{"@type":"ReadAction","target":["https:\/\/www.nkeskintours.com\/pl\/about-us\/"]}]},{"@type":"ImageObject","inLanguage":"pl-PL","@id":"https:\/\/www.nkeskintours.com\/pl\/about-us\/#primaryimage","url":"https:\/\/www.nkeskintours.com\/pl\/wp-content\/uploads\/2024\/11\/lisanz.webp","contentUrl":"https:\/\/www.nkeskintours.com\/pl\/wp-content\/uploads\/2024\/11\/lisanz.webp","width":550,"height":705},{"@type":"WebSite","@id":"https:\/\/www.nkeskintours.com\/pl\/#website","url":"https:\/\/www.nkeskintours.com\/pl\/","name":"Atrakcje i wycieczki Side","description":"Prze\u017cyj emocje i przygod\u0119 na najwy\u017cszym poziomie z Side w Turcji","publisher":{"@id":"https:\/\/www.nkeskintours.com\/pl\/#organization"},"potentialAction":[{"@type":"SearchAction","target":{"@type":"EntryPoint","urlTemplate":"https:\/\/www.nkeskintours.com\/pl\/?s={search_term_string}"},"query-input":{"@type":"PropertyValueSpecification","valueRequired":true,"valueName":"search_term_string"}}],"inLanguage":"pl-PL"},{"@type":"Organization","@id":"https:\/\/www.nkeskintours.com\/pl\/#organization","name":"Atrakcje i wycieczki Side","url":"https:\/\/www.nkeskintours.com\/pl\/","logo":{"@type":"ImageObject","inLanguage":"pl-PL","@id":"https:\/\/www.nkeskintours.com\/pl\/#\/schema\/logo\/image\/","url":"https:\/\/www.nkeskintours.com\/pl\/wp-content\/uploads\/2025\/03\/150.jpg","contentUrl":"https:\/\/www.nkeskintours.com\/pl\/wp-content\/uploads\/2025\/03\/150.jpg","width":150,"height":150,"caption":"Atrakcje i wycieczki Side"},"image":{"@id":"https:\/\/www.nkeskintours.com\/pl\/#\/schema\/logo\/image\/"},"sameAs":["https:\/\/www.facebook.com\/NkeskinTravelAgency"]}]}},"_links":{"self":[{"href":"https:\/\/www.nkeskintours.com\/pl\/wp-json\/wp\/v2\/pages\/410","targetHints":{"allow":["GET"]}}],"collection":[{"href":"https:\/\/www.nkeskintours.com\/pl\/wp-json\/wp\/v2\/pages"}],"about":[{"href":"https:\/\/www.nkeskintours.com\/pl\/wp-json\/wp\/v2\/types\/page"}],"author":[{"embeddable":true,"href":"https:\/\/www.nkeskintours.com\/pl\/wp-json\/wp\/v2\/users\/1"}],"replies":[{"embeddable":true,"href":"https:\/\/www.nkeskintours.com\/pl\/wp-json\/wp\/v2\/comments?post=410"}],"version-history":[{"count":0,"href":"https:\/\/www.nkeskintours.com\/pl\/wp-json\/wp\/v2\/pages\/410\/revisions"}],"wp:attachment":[{"href":"https:\/\/www.nkeskintours.com\/pl\/wp-json\/wp\/v2\/media?parent=410"}],"curies":[{"name":"wp","href":"https:\/\/api.w.org\/{rel}","templated":true}]}}