{"id":410,"date":"2017-11-20T15:05:36","date_gmt":"2017-11-20T09:20:36","guid":{"rendered":"https:\/\/raratheme.com\/preview\/travel-agency-pro\/about-us\/"},"modified":"2024-11-15T11:40:36","modified_gmt":"2024-11-15T08:40:36","slug":"about-us","status":"publish","type":"page","link":"https:\/\/www.nkeskintours.com\/tr\/about-us\/","title":{"rendered":"Hakk\u0131m\u0131z da"},"content":{"rendered":"\n<p>B\u0130Z K\u0130M\u0130Z?<br>Side n\u0131n lider online tur portal\u0131 nkeskinTourism Seyahat Acentas\u0131 T\u00fcrkiye seyahat acentalar\u0131 birli\u011fi T\u00dcRSAB&#8217;a 5546 sicil numaras\u0131 ile kay\u0131tl\u0131 A s\u0131n\u0131f\u0131 bir seyahat acentas\u0131d\u0131r.Merkez ofisimiz T\u00fcrkiyenin tatil cenneti Side d\u0131r.Ekibimiz turizmde tecr\u00fcbeli profesyonellerden olu\u015fmaktad\u0131r.<\/p>\n\n\n\n<p>NE YAPARIZ?<br>Alanya,Side,Antalya,Pamukkale ve Kapadokya b\u00f6lgelerinde g\u00fcnl\u00fck turlar,geziler,aktiviteler,paket tur pro\u011framlar\u0131,konaklamal\u0131 turlar,gruplara ve \u015fah\u0131slara \u00f6zel tur programlar\u0131 ve havaliman\u0131 transferleri d\u00fczenlemekteyiz.<\/p>\n\n\n\n<p>M\u0130SYONUMUZ<br>Side n\u0131n en g\u00fczel ve kaliteli tur,gezi ve aktivitelerini en uygun fiyatlara siz de\u011ferli m\u00fc\u015fterilerimize sunmakt\u0131r.M\u00fc\u015fteri memnuniyeti ve mutlulu\u011fu en \u00f6ncelikli hedefimizdir.<\/p>\n\n\n\n<p>VIZYONUMUZ<br>D\u00fcnya standartlar\u0131 \u00f6l\u00e7\u00fcs\u00fcnde \u00e7al\u0131\u015fan profesyonel,yenilik\u00e7i,dinamik,kal\u0131c\u0131,g\u00fcvenilir bir turizm markas\u0131 olmakt\u0131r.<\/p>\n\n\n\n<p>ET\u0130K DE\u011eERLER\u0130M\u0130Z<br>M\u00fc\u015fteri odakl\u0131 \u00e7al\u0131\u015fmay\u0131 ve m\u00fc\u015fteri memnuniyetini birinci \u00f6nceli\u011fi kabul eden firmam\u0131z do\u011fruluk ve d\u00fcr\u00fcstl\u00fc\u011f\u00fc \u015fiar edinmi\u015ftir.Misafirperverlik,sayg\u0131 ve sevgi temel ilkelerimizdir.<\/p>\n\n\n\n<p>Seyahat acentas\u0131 lisanz belgesi<\/p>\n\n\n\n<figure class=\"wp-block-image size-full\"><img loading=\"lazy\" decoding=\"async\" width=\"550\" height=\"705\" src=\"https:\/\/www.nkeskintours.com\/tr\/wp-content\/uploads\/2024\/11\/lisanz.webp\" alt=\"\" class=\"wp-image-2361\" srcset=\"https:\/\/www.nkeskintours.com\/tr\/wp-content\/uploads\/2024\/11\/lisanz.webp 550w, https:\/\/www.nkeskintours.com\/tr\/wp-content\/uploads\/2024\/11\/lisanz-234x300.webp 234w, https:\/\/www.nkeskintours.com\/tr\/wp-content\/uploads\/2024\/11\/lisanz-47x60.webp 47w\" sizes=\"auto, (max-width: 550px) 100vw, 550px\" \/><\/figure>\n","protected":false},"excerpt":{"rendered":"<p>B\u0130Z K\u0130M\u0130Z?Side n\u0131n lider online tur portal\u0131 nkeskinTourism Seyahat Acentas\u0131 T\u00fcrkiye seyahat acentalar\u0131 birli\u011fi T\u00dcRSAB&#8217;a 5546 sicil numaras\u0131 ile kay\u0131tl\u0131 A s\u0131n\u0131f\u0131 bir seyahat acentas\u0131d\u0131r.Merkez ofisimiz T\u00fcrkiyenin tatil cenneti Side d\u0131r.Ekibimiz turizmde tecr\u00fcbeli profesyonellerden olu\u015fmaktad\u0131r. NE YAPARIZ?Alanya,Side,Antalya,Pamukkale ve Kapadokya b\u00f6lgelerinde g\u00fcnl\u00fck turlar,geziler,aktiviteler,paket tur pro\u011framlar\u0131,konaklamal\u0131 turlar,gruplara &hellip; <\/p>\n","protected":false},"author":1,"featured_media":0,"parent":0,"menu_order":0,"comment_status":"closed","ping_status":"closed","template":"","meta":{"footnotes":""},"class_list":["post-410","page","type-page","status-publish","hentry"],"yoast_head":"<!-- This site is optimized with the Yoast SEO plugin v27.4 - https:\/\/yoast.com\/product\/yoast-seo-wordpress\/ -->\n<title>Hakk\u0131m\u0131z da - Side ve Antalya,Manavgat G\u00fcnl\u00fck geziler<\/title>\n<meta name=\"description\" content=\"Side ve Antalya,Manavgat G\u00fcnl\u00fck geziler Hakk\u0131m\u0131z da - %\" \/>\n<meta name=\"robots\" content=\"index, follow, max-snippet:-1, max-image-preview:large, max-video-preview:-1\" \/>\n<link rel=\"canonical\" href=\"https:\/\/www.nkeskintours.com\/tr\/about-us\/\" \/>\n<meta property=\"og:locale\" content=\"tr_TR\" \/>\n<meta property=\"og:type\" content=\"article\" \/>\n<meta property=\"og:title\" content=\"Hakk\u0131m\u0131z da - Side ve Antalya,Manavgat G\u00fcnl\u00fck geziler\" \/>\n<meta property=\"og:description\" content=\"Side ve Antalya,Manavgat G\u00fcnl\u00fck geziler Hakk\u0131m\u0131z da - %\" \/>\n<meta property=\"og:url\" content=\"https:\/\/www.nkeskintours.com\/tr\/about-us\/\" \/>\n<meta property=\"og:site_name\" content=\"Side ve Antalya,Manavgat G\u00fcnl\u00fck geziler\" \/>\n<meta property=\"article:publisher\" content=\"https:\/\/www.facebook.com\/NkeskinTravelAgency\" \/>\n<meta property=\"article:modified_time\" content=\"2024-11-15T08:40:36+00:00\" \/>\n<meta property=\"og:image\" content=\"https:\/\/www.nkeskintours.com\/tr\/wp-content\/uploads\/2024\/11\/lisanz.webp\" \/>\n\t<meta property=\"og:image:width\" content=\"550\" \/>\n\t<meta property=\"og:image:height\" content=\"705\" \/>\n\t<meta property=\"og:image:type\" content=\"image\/webp\" \/>\n<meta name=\"twitter:card\" content=\"summary_large_image\" \/>\n<meta name=\"twitter:label1\" content=\"Tahmini okuma s\u00fcresi\" \/>\n\t<meta name=\"twitter:data1\" content=\"1 dakika\" \/>\n<script type=\"application\/ld+json\" class=\"yoast-schema-graph\">{\"@context\":\"https:\\\/\\\/schema.org\",\"@graph\":[{\"@type\":\"WebPage\",\"@id\":\"https:\\\/\\\/www.nkeskintours.com\\\/tr\\\/about-us\\\/\",\"url\":\"https:\\\/\\\/www.nkeskintours.com\\\/tr\\\/about-us\\\/\",\"name\":\"Hakk\u0131m\u0131z da - Side ve Antalya,Manavgat G\u00fcnl\u00fck geziler\",\"isPartOf\":{\"@id\":\"https:\\\/\\\/www.nkeskintours.com\\\/tr\\\/#website\"},\"primaryImageOfPage\":{\"@id\":\"https:\\\/\\\/www.nkeskintours.com\\\/tr\\\/about-us\\\/#primaryimage\"},\"image\":{\"@id\":\"https:\\\/\\\/www.nkeskintours.com\\\/tr\\\/about-us\\\/#primaryimage\"},\"thumbnailUrl\":\"https:\\\/\\\/www.nkeskintours.com\\\/tr\\\/wp-content\\\/uploads\\\/2024\\\/11\\\/lisanz.webp\",\"datePublished\":\"2017-11-20T09:20:36+00:00\",\"dateModified\":\"2024-11-15T08:40:36+00:00\",\"description\":\"Side ve Antalya,Manavgat G\u00fcnl\u00fck geziler Hakk\u0131m\u0131z da - %\",\"breadcrumb\":{\"@id\":\"https:\\\/\\\/www.nkeskintours.com\\\/tr\\\/about-us\\\/#breadcrumb\"},\"inLanguage\":\"tr\",\"potentialAction\":[{\"@type\":\"ReadAction\",\"target\":[\"https:\\\/\\\/www.nkeskintours.com\\\/tr\\\/about-us\\\/\"]}]},{\"@type\":\"ImageObject\",\"inLanguage\":\"tr\",\"@id\":\"https:\\\/\\\/www.nkeskintours.com\\\/tr\\\/about-us\\\/#primaryimage\",\"url\":\"https:\\\/\\\/www.nkeskintours.com\\\/tr\\\/wp-content\\\/uploads\\\/2024\\\/11\\\/lisanz.webp\",\"contentUrl\":\"https:\\\/\\\/www.nkeskintours.com\\\/tr\\\/wp-content\\\/uploads\\\/2024\\\/11\\\/lisanz.webp\",\"width\":550,\"height\":705},{\"@type\":\"BreadcrumbList\",\"@id\":\"https:\\\/\\\/www.nkeskintours.com\\\/tr\\\/about-us\\\/#breadcrumb\",\"itemListElement\":[{\"@type\":\"ListItem\",\"position\":1,\"name\":\"Anasayfa\",\"item\":\"https:\\\/\\\/www.nkeskintours.com\\\/tr\\\/\"},{\"@type\":\"ListItem\",\"position\":2,\"name\":\"Hakk\u0131m\u0131z da\"}]},{\"@type\":\"WebSite\",\"@id\":\"https:\\\/\\\/www.nkeskintours.com\\\/tr\\\/#website\",\"url\":\"https:\\\/\\\/www.nkeskintours.com\\\/tr\\\/\",\"name\":\"Side ve Manavgat G\u00fcnl\u00fck geziler\",\"description\":\"Heyecan ve maceray\u0131 zirvede ya\u015fay\u0131n, Side T\u00fcrkiye\",\"publisher\":{\"@id\":\"https:\\\/\\\/www.nkeskintours.com\\\/tr\\\/#organization\"},\"potentialAction\":[{\"@type\":\"SearchAction\",\"target\":{\"@type\":\"EntryPoint\",\"urlTemplate\":\"https:\\\/\\\/www.nkeskintours.com\\\/tr\\\/?s={search_term_string}\"},\"query-input\":{\"@type\":\"PropertyValueSpecification\",\"valueRequired\":true,\"valueName\":\"search_term_string\"}}],\"inLanguage\":\"tr\"},{\"@type\":\"Organization\",\"@id\":\"https:\\\/\\\/www.nkeskintours.com\\\/tr\\\/#organization\",\"name\":\"Side ve Manavgat G\u00fcnl\u00fck geziler\",\"url\":\"https:\\\/\\\/www.nkeskintours.com\\\/tr\\\/\",\"logo\":{\"@type\":\"ImageObject\",\"inLanguage\":\"tr\",\"@id\":\"https:\\\/\\\/www.nkeskintours.com\\\/tr\\\/#\\\/schema\\\/logo\\\/image\\\/\",\"url\":\"https:\\\/\\\/www.nkeskintours.com\\\/tr\\\/wp-content\\\/uploads\\\/2025\\\/03\\\/cropped-512.jpg\",\"contentUrl\":\"https:\\\/\\\/www.nkeskintours.com\\\/tr\\\/wp-content\\\/uploads\\\/2025\\\/03\\\/cropped-512.jpg\",\"width\":512,\"height\":512,\"caption\":\"Side ve Manavgat G\u00fcnl\u00fck geziler\"},\"image\":{\"@id\":\"https:\\\/\\\/www.nkeskintours.com\\\/tr\\\/#\\\/schema\\\/logo\\\/image\\\/\"},\"sameAs\":[\"https:\\\/\\\/www.facebook.com\\\/NkeskinTravelAgency\",\"https:\\\/\\\/www.instagram.com\\\/nkeskintours\\\/\"]}]}<\/script>\n<!-- \/ Yoast SEO plugin. -->","yoast_head_json":{"title":"Hakk\u0131m\u0131z da - Side ve Antalya,Manavgat G\u00fcnl\u00fck geziler","description":"Side ve Antalya,Manavgat G\u00fcnl\u00fck geziler Hakk\u0131m\u0131z da - %","robots":{"index":"index","follow":"follow","max-snippet":"max-snippet:-1","max-image-preview":"max-image-preview:large","max-video-preview":"max-video-preview:-1"},"canonical":"https:\/\/www.nkeskintours.com\/tr\/about-us\/","og_locale":"tr_TR","og_type":"article","og_title":"Hakk\u0131m\u0131z da - Side ve Antalya,Manavgat G\u00fcnl\u00fck geziler","og_description":"Side ve Antalya,Manavgat G\u00fcnl\u00fck geziler Hakk\u0131m\u0131z da - %","og_url":"https:\/\/www.nkeskintours.com\/tr\/about-us\/","og_site_name":"Side ve Antalya,Manavgat G\u00fcnl\u00fck geziler","article_publisher":"https:\/\/www.facebook.com\/NkeskinTravelAgency","article_modified_time":"2024-11-15T08:40:36+00:00","og_image":[{"width":550,"height":705,"url":"https:\/\/www.nkeskintours.com\/tr\/wp-content\/uploads\/2024\/11\/lisanz.webp","type":"image\/webp"}],"twitter_card":"summary_large_image","twitter_misc":{"Tahmini okuma s\u00fcresi":"1 dakika"},"schema":{"@context":"https:\/\/schema.org","@graph":[{"@type":"WebPage","@id":"https:\/\/www.nkeskintours.com\/tr\/about-us\/","url":"https:\/\/www.nkeskintours.com\/tr\/about-us\/","name":"Hakk\u0131m\u0131z da - Side ve Antalya,Manavgat G\u00fcnl\u00fck geziler","isPartOf":{"@id":"https:\/\/www.nkeskintours.com\/tr\/#website"},"primaryImageOfPage":{"@id":"https:\/\/www.nkeskintours.com\/tr\/about-us\/#primaryimage"},"image":{"@id":"https:\/\/www.nkeskintours.com\/tr\/about-us\/#primaryimage"},"thumbnailUrl":"https:\/\/www.nkeskintours.com\/tr\/wp-content\/uploads\/2024\/11\/lisanz.webp","datePublished":"2017-11-20T09:20:36+00:00","dateModified":"2024-11-15T08:40:36+00:00","description":"Side ve Antalya,Manavgat G\u00fcnl\u00fck geziler Hakk\u0131m\u0131z da - %","breadcrumb":{"@id":"https:\/\/www.nkeskintours.com\/tr\/about-us\/#breadcrumb"},"inLanguage":"tr","potentialAction":[{"@type":"ReadAction","target":["https:\/\/www.nkeskintours.com\/tr\/about-us\/"]}]},{"@type":"ImageObject","inLanguage":"tr","@id":"https:\/\/www.nkeskintours.com\/tr\/about-us\/#primaryimage","url":"https:\/\/www.nkeskintours.com\/tr\/wp-content\/uploads\/2024\/11\/lisanz.webp","contentUrl":"https:\/\/www.nkeskintours.com\/tr\/wp-content\/uploads\/2024\/11\/lisanz.webp","width":550,"height":705},{"@type":"BreadcrumbList","@id":"https:\/\/www.nkeskintours.com\/tr\/about-us\/#breadcrumb","itemListElement":[{"@type":"ListItem","position":1,"name":"Anasayfa","item":"https:\/\/www.nkeskintours.com\/tr\/"},{"@type":"ListItem","position":2,"name":"Hakk\u0131m\u0131z da"}]},{"@type":"WebSite","@id":"https:\/\/www.nkeskintours.com\/tr\/#website","url":"https:\/\/www.nkeskintours.com\/tr\/","name":"Side ve Manavgat G\u00fcnl\u00fck geziler","description":"Heyecan ve maceray\u0131 zirvede ya\u015fay\u0131n, Side T\u00fcrkiye","publisher":{"@id":"https:\/\/www.nkeskintours.com\/tr\/#organization"},"potentialAction":[{"@type":"SearchAction","target":{"@type":"EntryPoint","urlTemplate":"https:\/\/www.nkeskintours.com\/tr\/?s={search_term_string}"},"query-input":{"@type":"PropertyValueSpecification","valueRequired":true,"valueName":"search_term_string"}}],"inLanguage":"tr"},{"@type":"Organization","@id":"https:\/\/www.nkeskintours.com\/tr\/#organization","name":"Side ve Manavgat G\u00fcnl\u00fck geziler","url":"https:\/\/www.nkeskintours.com\/tr\/","logo":{"@type":"ImageObject","inLanguage":"tr","@id":"https:\/\/www.nkeskintours.com\/tr\/#\/schema\/logo\/image\/","url":"https:\/\/www.nkeskintours.com\/tr\/wp-content\/uploads\/2025\/03\/cropped-512.jpg","contentUrl":"https:\/\/www.nkeskintours.com\/tr\/wp-content\/uploads\/2025\/03\/cropped-512.jpg","width":512,"height":512,"caption":"Side ve Manavgat G\u00fcnl\u00fck geziler"},"image":{"@id":"https:\/\/www.nkeskintours.com\/tr\/#\/schema\/logo\/image\/"},"sameAs":["https:\/\/www.facebook.com\/NkeskinTravelAgency","https:\/\/www.instagram.com\/nkeskintours\/"]}]}},"_links":{"self":[{"href":"https:\/\/www.nkeskintours.com\/tr\/wp-json\/wp\/v2\/pages\/410","targetHints":{"allow":["GET"]}}],"collection":[{"href":"https:\/\/www.nkeskintours.com\/tr\/wp-json\/wp\/v2\/pages"}],"about":[{"href":"https:\/\/www.nkeskintours.com\/tr\/wp-json\/wp\/v2\/types\/page"}],"author":[{"embeddable":true,"href":"https:\/\/www.nkeskintours.com\/tr\/wp-json\/wp\/v2\/users\/1"}],"replies":[{"embeddable":true,"href":"https:\/\/www.nkeskintours.com\/tr\/wp-json\/wp\/v2\/comments?post=410"}],"version-history":[{"count":0,"href":"https:\/\/www.nkeskintours.com\/tr\/wp-json\/wp\/v2\/pages\/410\/revisions"}],"wp:attachment":[{"href":"https:\/\/www.nkeskintours.com\/tr\/wp-json\/wp\/v2\/media?parent=410"}],"curies":[{"name":"wp","href":"https:\/\/api.w.org\/{rel}","templated":true}]}}